{"id":159,"date":"2026-03-04T20:52:37","date_gmt":"2026-03-04T20:52:37","guid":{"rendered":"https:\/\/gismedu.com\/?page_id=159"},"modified":"2026-03-24T01:52:53","modified_gmt":"2026-03-24T01:52:53","slug":"introduction-to-sports-management","status":"publish","type":"page","link":"https:\/\/gismedu.com\/fr\/introduction-to-sports-management\/","title":{"rendered":"ISM &#8211; Introduction to Sports Management"},"content":{"rendered":"<p>6 semaines<br>Rabat, Maroc<br>Hybride (en ligne + en pr\u00e9sentiel)<\/p>\n\n\n\n<div class=\"wp-block-uagb-advanced-heading uagb-block-206b2a81\"><h2 class=\"uagb-heading-text\">Aper\u00e7u du certificat<\/h2><\/div>\n\n\n\n<p>Le certificat Introduction au management du sport offre une base solide de connaissances sur l\u2019industrie mondiale du sport.<\/p>\n\n\n\n<p>Les \u00e9tudiants d\u00e9couvrent le fonctionnement des organisations sportives, la gestion des \u00e9quipes et des ligues, ainsi que l\u2019application des principes de gestion au sport.<\/p>\n\n\n\n<div class=\"wp-block-uagb-advanced-heading uagb-block-2279cbb4\"><h2 class=\"uagb-heading-text\">Ce que vous allez apprendre<\/h2><\/div>\n\n\n\n<ul class=\"wp-block-list\">\n<li>Structure de l\u2019industrie mondiale du sport<\/li>\n\n\n\n<li>R\u00f4les des clubs, des ligues et des instances dirigeantes<\/li>\n\n\n\n<li>Bases du marketing sportif et du sponsoring<\/li>\n\n\n\n<li>Gestion op\u00e9rationnelle des \u00e9v\u00e9nements sportifs<\/li>\n\n\n\n<li>Leadership au sein des organisations sportives<\/li>\n<\/ul>\n\n\n\n<p>Commencez votre parcours dans l\u2019industrie mondiale du sport.<br>Postulez d\u00e8s aujourd\u2019hui pour garantir votre place dans la prochaine promotion.<\/p>\n\n\n\n<div class=\"wp-block-group is-nowrap is-layout-flex wp-container-core-group-is-layout-ad2f72ca wp-block-group-is-layout-flex\">\n<figure class=\"wp-block-image size-large\"><img loading=\"lazy\" decoding=\"async\" width=\"683\" height=\"1024\" src=\"https:\/\/gismedu.com\/wp-content\/uploads\/2026\/03\/ISM-Certificat-Flyer-Fr-683x1024.png\" alt=\"\" class=\"wp-image-359\" srcset=\"https:\/\/gismedu.com\/wp-content\/uploads\/2026\/03\/ISM-Certificat-Flyer-Fr-683x1024.png 683w, https:\/\/gismedu.com\/wp-content\/uploads\/2026\/03\/ISM-Certificat-Flyer-Fr-200x300.png 200w, https:\/\/gismedu.com\/wp-content\/uploads\/2026\/03\/ISM-Certificat-Flyer-Fr-768x1152.png 768w, https:\/\/gismedu.com\/wp-content\/uploads\/2026\/03\/ISM-Certificat-Flyer-Fr-8x12.png 8w, https:\/\/gismedu.com\/wp-content\/uploads\/2026\/03\/ISM-Certificat-Flyer-Fr.png 1024w\" sizes=\"auto, (max-width: 683px) 100vw, 683px\" \/><\/figure>\n\n\n\n<div class=\"wp-block-uagb-buttons uagb-buttons__outer-wrap uagb-btn__default-btn uagb-btn-tablet__default-btn uagb-btn-mobile__default-btn uagb-block-bdf44318\"><div class=\"uagb-buttons__wrap uagb-buttons-layout-wrap\"><\/div><\/div>\n<\/div>\n\n\n\n<div class=\"wp-block-group is-content-justification-center is-nowrap is-layout-flex wp-container-core-group-is-layout-94bc23d7 wp-block-group-is-layout-flex\">\n<div class=\"wp-block-uagb-buttons-child uagb-buttons__outer-wrap uagb-block-51944291 wp-block-button\"><div class=\"uagb-button__wrapper\"><a class=\"uagb-buttons-repeater wp-block-button__link\" aria-label=\"\" href=\"\/fr\/student-registration\/\" rel=\"follow noopener\" target=\"_self\" role=\"button\"><div class=\"uagb-button__link\">Apply Now<\/div><\/a><\/div><\/div>\n<\/div>\n\n\n\n<div class=\"wp-block-uagb-advanced-heading uagb-block-21d59f40\"><h2 class=\"uagb-heading-text\">D\u00e9bouch\u00e9s professionnels<\/h2><\/div>\n\n\n\n<p>Les dipl\u00f4m\u00e9s de ce certificat peuvent acc\u00e9der \u00e0 des opportunit\u00e9s dans :<\/p>\n\n\n\n<ul class=\"wp-block-list\">\n<li>Administration de clubs sportifs<\/li>\n\n\n\n<li>Gestion d\u2019\u00e9v\u00e9nements et de comp\u00e9titions<\/li>\n\n\n\n<li>Marketing sportif et sponsoring<\/li>\n\n\n\n<li>Fonctionnement des f\u00e9d\u00e9rations sportives<\/li>\n\n\n\n<li>Gestion et repr\u00e9sentation des athl\u00e8tes<\/li>\n<\/ul>\n\n\n\n<p><\/p>","protected":false},"excerpt":{"rendered":"<p>Duration: 6 WeeksLocation: Rabat, MoroccoFormat: Hybrid (Online + In-Person) Certificate Overview The Introduction to Sports Management certificate provides foundational knowledge of the global sports industry. Students learn how sports organizations operate, how teams and leagues are managed, and how business principles apply to sports. What You Will Learn Start your journey in the global sports&#8230;<\/p>","protected":false},"author":2,"featured_media":0,"parent":0,"menu_order":0,"comment_status":"closed","ping_status":"closed","template":"","meta":{"_uag_custom_page_level_css":"","_kad_post_transparent":"","_kad_post_title":"","_kad_post_layout":"","_kad_post_sidebar_id":"","_kad_post_content_style":"","_kad_post_vertical_padding":"","_kad_post_feature":"","_kad_post_feature_position":"","_kad_post_header":false,"_kad_post_footer":false,"_kad_post_classname":"","footnotes":""},"class_list":["post-159","page","type-page","status-publish","hentry"],"uagb_featured_image_src":{"full":false,"thumbnail":false,"medium":false,"medium_large":false,"large":false,"1536x1536":false,"2048x2048":false,"trp-custom-language-flag":false},"uagb_author_info":{"display_name":"Rachid Ghazi","author_link":"https:\/\/gismedu.com\/fr\/author\/gism-admin\/"},"uagb_comment_info":0,"uagb_excerpt":"Duration: 6 WeeksLocation: Rabat, MoroccoFormat: Hybrid (Online + In-Person) Certificate Overview The Introduction to Sports Management certificate provides foundational knowledge of the global sports industry. Students learn how sports organizations operate, how teams and leagues are managed, and how business principles apply to sports. What You Will Learn Start your journey in the global sports...","_links":{"self":[{"href":"https:\/\/gismedu.com\/fr\/wp-json\/wp\/v2\/pages\/159","targetHints":{"allow":["GET"]}}],"collection":[{"href":"https:\/\/gismedu.com\/fr\/wp-json\/wp\/v2\/pages"}],"about":[{"href":"https:\/\/gismedu.com\/fr\/wp-json\/wp\/v2\/types\/page"}],"author":[{"embeddable":true,"href":"https:\/\/gismedu.com\/fr\/wp-json\/wp\/v2\/users\/2"}],"replies":[{"embeddable":true,"href":"https:\/\/gismedu.com\/fr\/wp-json\/wp\/v2\/comments?post=159"}],"version-history":[{"count":9,"href":"https:\/\/gismedu.com\/fr\/wp-json\/wp\/v2\/pages\/159\/revisions"}],"predecessor-version":[{"id":464,"href":"https:\/\/gismedu.com\/fr\/wp-json\/wp\/v2\/pages\/159\/revisions\/464"}],"wp:attachment":[{"href":"https:\/\/gismedu.com\/fr\/wp-json\/wp\/v2\/media?parent=159"}],"curies":[{"name":"wp","href":"https:\/\/api.w.org\/{rel}","templated":true}]}}