{"id":382,"date":"2026-03-19T19:42:31","date_gmt":"2026-03-19T19:42:31","guid":{"rendered":"https:\/\/gismedu.com\/?page_id=382"},"modified":"2026-03-24T01:41:57","modified_gmt":"2026-03-24T01:41:57","slug":"sem-sports-event-management","status":"publish","type":"page","link":"https:\/\/gismedu.com\/fr\/sem-sports-event-management\/","title":{"rendered":"SEM \u2014 Sports Event Management"},"content":{"rendered":"<div class=\"wp-block-uagb-container uagb-block-fx0vjrci alignfull uagb-is-root-container\"><div class=\"uagb-container-inner-blocks-wrap\">\n<div class=\"wp-block-uagb-info-box uagb-block-p8e95dyo uagb-infobox__content-wrap  uagb-infobox-icon-above-title uagb-infobox-image-valign-top\"><div class=\"uagb-ifb-content\"><div class=\"uagb-ifb-title-wrap\"><h2 class=\"uagb-ifb-title\">Structure du programme<\/h2><\/div><p class=\"uagb-ifb-desc\">Ce module est structur\u00e9 autour de trois modules principaux, chacun abordant des dimensions cl\u00e9s de la gestion des \u00e9v\u00e9nements sportifs :<\/p><\/div><\/div>\n\n\n\n<div class=\"wp-block-uagb-container uagb-block-dexvnbxm alignfull uagb-is-root-container\"><div class=\"uagb-container-inner-blocks-wrap\">\n<div class=\"wp-block-uagb-container uagb-block-cs5rl0ry\">\n<div class=\"wp-block-uagb-info-box uagb-block-nypws0kc uagb-infobox__content-wrap  uagb-infobox-icon-above-title uagb-infobox-image-valign-top\"><div class=\"uagb-ifb-content\"><div class=\"uagb-ifb-title-wrap\"><h1 class=\"uagb-ifb-title\">Atteignez vos objectifs gr\u00e2ce \u00e0 notre accompagnement expert<\/h1><\/div><p class=\"uagb-ifb-desc\">D\u00e9veloppez les comp\u00e9tences n\u00e9cessaires pour planifier, g\u00e9rer et organiser des \u00e9v\u00e9nements sportifs professionnels dans une industrie mondiale en constante \u00e9volution.<\/p><\/div><\/div>\n\n\n\n<div class=\"wp-block-uagb-buttons uagb-buttons__outer-wrap uagb-btn__default-btn uagb-btn-tablet__default-btn uagb-btn-mobile__default-btn uagb-block-hqimuzih\"><div class=\"uagb-buttons__wrap uagb-buttons-layout-wrap\">\n<div class=\"wp-block-uagb-buttons-child uagb-buttons__outer-wrap uagb-block-777efc16 wp-block-button\"><div class=\"uagb-button__wrapper\"><a class=\"uagb-buttons-repeater wp-block-button__link\" aria-label=\"\" href=\"https:\/\/gismedu.com\/fr\/student-registration\/\" rel=\"follow noopener\" target=\"_self\" role=\"button\"><div class=\"uagb-button__link\">S\u2019inscrire maintenant<\/div><\/a><\/div><\/div>\n<\/div><\/div>\n<\/div>\n\n\n\n<div class=\"wp-block-uagb-container uagb-block-djaw9ioc\">\n<div class=\"wp-block-uagb-image alignleft uagb-block-vybafxzc wp-block-uagb-image--layout-default wp-block-uagb-image--effect-static wp-block-uagb-image--align-left\"><figure class=\"wp-block-uagb-image__figure\"><img decoding=\"async\" srcset=\"https:\/\/gismedu.com\/wp-content\/uploads\/2026\/03\/pexels-photo-270085-270085-1024x768.jpg ,https:\/\/gismedu.com\/wp-content\/uploads\/2026\/03\/pexels-photo-270085-270085.jpg 780w, https:\/\/gismedu.com\/wp-content\/uploads\/2026\/03\/pexels-photo-270085-270085.jpg 360w\" sizes=\"auto, (max-width: 480px) 150px\" src=\"https:\/\/gismedu.com\/wp-content\/uploads\/2026\/03\/pexels-photo-270085-270085-1024x768.jpg\" alt=\"A packed stadium with enthusiastic fans watching an exciting soccer match.\" class=\"uag-image-337\" width=\"270\" height=\"360\" title=\"pexels-photo-270085-270085\" loading=\"lazy\" role=\"img\"\/><\/figure><\/div>\n\n\n\n<div class=\"wp-block-uagb-image alignleft uagb-block-bvclhwss wp-block-uagb-image--layout-default wp-block-uagb-image--effect-static wp-block-uagb-image--align-left\"><figure class=\"wp-block-uagb-image__figure\"><img decoding=\"async\" srcset=\"https:\/\/gismedu.com\/wp-content\/uploads\/2026\/03\/pexels-photo-2263436-2263436-1024x665.jpg ,https:\/\/gismedu.com\/wp-content\/uploads\/2026\/03\/pexels-photo-2263436-2263436-scaled.jpg 780w, https:\/\/gismedu.com\/wp-content\/uploads\/2026\/03\/pexels-photo-2263436-2263436-scaled.jpg 360w\" sizes=\"auto, (max-width: 480px) 150px\" src=\"https:\/\/gismedu.com\/wp-content\/uploads\/2026\/03\/pexels-photo-2263436-2263436-1024x665.jpg\" alt=\"Colorful live concert with vibrant lighting, energetic crowd, and dynamic stage performance.\" class=\"uag-image-395\" width=\"270\" height=\"360\" title=\"pexels-photo-2263436-2263436\" loading=\"lazy\" role=\"img\"\/><\/figure><\/div>\n<\/div>\n<\/div><\/div>\n\n\n\n<div class=\"wp-block-uagb-container uagb-block-i9jvvxru\">\n<div class=\"wp-block-uagb-container uagb-block-9auvmjcz\">\n<div class=\"wp-block-uagb-image alignleft uagb-block-nvor5qgd wp-block-uagb-image--layout-default wp-block-uagb-image--effect-static wp-block-uagb-image--align-left\"><figure class=\"wp-block-uagb-image__figure\"><img decoding=\"async\" srcset=\"https:\/\/websitedemos.net\/wp-content\/uploads\/2023\/10\/natures-01-1024x683.jpg ,https:\/\/websitedemos.net\/wp-content\/uploads\/2023\/10\/natures-01-1024x683.jpg 780w\" sizes=\"auto, (max-width: 480px) 150px\" src=\"https:\/\/websitedemos.net\/wp-content\/uploads\/2023\/10\/natures-01-1024x683.jpg\" alt=\"\" class=\"uag-image-80573\" width=\"352\" height=\"260\" title=\"\" loading=\"lazy\" role=\"img\"\/><\/figure><\/div>\n\n\n\n<div class=\"wp-block-uagb-info-box uagb-block-9fz5xdum uagb-infobox__content-wrap  uagb-infobox-icon-above-title uagb-infobox-image-valign-top\"><div class=\"uagb-ifb-content\"><div class=\"uagb-ifb-title-wrap\"><h3 class=\"uagb-ifb-title\">Conception des \u00e9v\u00e9nements sportifs<\/h3><\/div><\/div><\/div>\n\n\n\n<ul class=\"wp-block-list\">\n<li>Histoire et \u00e9volution des \u00e9v\u00e9nements sportifs<\/li>\n\n\n\n<li>Types et cat\u00e9gories d\u2019\u00e9v\u00e9nements sportifs<\/li>\n\n\n\n<li>Importance strat\u00e9gique et impact mondial des \u00e9v\u00e9nements sportifs<\/li>\n\n\n\n<li>Analyse des parties prenantes et de l\u2019\u00e9cosyst\u00e8me<\/li>\n<\/ul>\n\n\n\n<div class=\"wp-block-uagb-buttons uagb-buttons__outer-wrap uagb-btn__default-btn uagb-btn-tablet__default-btn uagb-btn-mobile__default-btn uagb-block-tcupnt12\"><div class=\"uagb-buttons__wrap uagb-buttons-layout-wrap\">\n<div class=\"wp-block-uagb-buttons-child uagb-buttons__outer-wrap uagb-block-zbg6x6c8 wp-block-button\"><div class=\"uagb-button__wrapper\"><a class=\"uagb-buttons-repeater wp-block-button__link\" aria-label=\"\" href=\"https:\/\/gismedu.com\/fr\/401-2\/\" rel=\"follow noopener\" target=\"_self\" role=\"button\"><div class=\"uagb-button__link\">Read More<\/div><span class=\"uagb-button__icon uagb-button__icon-position-after\"><svg xmlns=\"https:\/\/www.w3.org\/2000\/svg\" viewbox=\"0 0 320 512\" aria-hidden=\"true\" focussable=\"false\"><path d=\"M96 480c-8.188 0-16.38-3.125-22.62-9.375c-12.5-12.5-12.5-32.75 0-45.25L242.8 256L73.38 86.63c-12.5-12.5-12.5-32.75 0-45.25s32.75-12.5 45.25 0l192 192c12.5 12.5 12.5 32.75 0 45.25l-192 192C112.4 476.9 104.2 480 96 480z\"><\/path><\/svg><\/span><\/a><\/div><\/div>\n<\/div><\/div>\n<\/div>\n\n\n\n<div class=\"wp-block-uagb-container uagb-block-hd3oji05\">\n<div class=\"wp-block-uagb-image alignleft uagb-block-mo1ym38b wp-block-uagb-image--layout-default wp-block-uagb-image--effect-static wp-block-uagb-image--align-left\"><figure class=\"wp-block-uagb-image__figure\"><img decoding=\"async\" srcset=\"https:\/\/websitedemos.net\/wp-content\/uploads\/2023\/10\/desserts-01-1024x683.jpg ,https:\/\/websitedemos.net\/wp-content\/uploads\/2023\/10\/desserts-01-1024x683.jpg 780w\" sizes=\"auto, (max-width: 480px) 150px\" src=\"https:\/\/websitedemos.net\/wp-content\/uploads\/2023\/10\/desserts-01-1024x683.jpg\" alt=\"\" class=\"uag-image-80569\" width=\"352\" height=\"260\" title=\"\" loading=\"lazy\" role=\"img\"\/><\/figure><\/div>\n\n\n\n<div class=\"wp-block-uagb-info-box uagb-block-7hapt4qp uagb-infobox__content-wrap  uagb-infobox-icon-above-title uagb-infobox-image-valign-top\"><div class=\"uagb-ifb-content\"><div class=\"uagb-ifb-title-wrap\"><h3 class=\"uagb-ifb-title\">Gestion de projets d\u2019\u00e9v\u00e9nements sportifs<\/h3><\/div><\/div><\/div>\n\n\n\n<ul class=\"wp-block-list\">\n<li>Conception et planification des \u00e9v\u00e9nements<\/li>\n\n\n\n<li>Mise en \u0153uvre et ex\u00e9cution op\u00e9rationnelle<\/li>\n\n\n\n<li>Gestion des risques et \u00e9valuation des performances<\/li>\n\n\n\n<li>Budg\u00e9tisation et retour sur investissement (ROI)<\/li>\n<\/ul>\n\n\n\n<div class=\"wp-block-uagb-buttons uagb-buttons__outer-wrap uagb-btn__default-btn uagb-btn-tablet__default-btn uagb-btn-mobile__default-btn uagb-block-7g8y9whq\"><div class=\"uagb-buttons__wrap uagb-buttons-layout-wrap\">\n<div class=\"wp-block-uagb-buttons-child uagb-buttons__outer-wrap uagb-block-ezr11emv wp-block-button\"><div class=\"uagb-button__wrapper\"><a class=\"uagb-buttons-repeater wp-block-button__link\" aria-label=\"\" href=\"https:\/\/gismedu.com\/fr\/sports-event-project-management\/\" rel=\"follow noopener\" target=\"_self\" role=\"button\"><div class=\"uagb-button__link\">Read More<\/div><span class=\"uagb-button__icon uagb-button__icon-position-after\"><svg xmlns=\"https:\/\/www.w3.org\/2000\/svg\" viewbox=\"0 0 320 512\" aria-hidden=\"true\" focussable=\"false\"><path d=\"M96 480c-8.188 0-16.38-3.125-22.62-9.375c-12.5-12.5-12.5-32.75 0-45.25L242.8 256L73.38 86.63c-12.5-12.5-12.5-32.75 0-45.25s32.75-12.5 45.25 0l192 192c12.5 12.5 12.5 32.75 0 45.25l-192 192C112.4 476.9 104.2 480 96 480z\"><\/path><\/svg><\/span><\/a><\/div><\/div>\n<\/div><\/div>\n<\/div>\n\n\n\n<div class=\"wp-block-uagb-container uagb-block-katma6e1\">\n<div class=\"wp-block-uagb-image alignleft uagb-block-r0sy2nzi wp-block-uagb-image--layout-default wp-block-uagb-image--effect-static wp-block-uagb-image--align-left\"><figure class=\"wp-block-uagb-image__figure\"><img decoding=\"async\" srcset=\"https:\/\/websitedemos.net\/wp-content\/uploads\/2023\/10\/snow-mountains-01-1024x683.jpg ,https:\/\/websitedemos.net\/wp-content\/uploads\/2023\/10\/snow-mountains-01-1024x683.jpg 780w\" sizes=\"auto, (max-width: 480px) 150px\" src=\"https:\/\/websitedemos.net\/wp-content\/uploads\/2023\/10\/snow-mountains-01-1024x683.jpg\" alt=\"\" class=\"uag-image-80577\" width=\"352\" height=\"260\" title=\"\" loading=\"lazy\" role=\"img\"\/><\/figure><\/div>\n\n\n\n<div class=\"wp-block-uagb-info-box uagb-block-bbyrt3rw uagb-infobox__content-wrap  uagb-infobox-icon-above-title uagb-infobox-image-valign-top\"><div class=\"uagb-ifb-content\"><div class=\"uagb-ifb-title-wrap\"><h3 class=\"uagb-ifb-title\">Durabilit\u00e9 et h\u00e9ritage des \u00e9v\u00e9nements sportifs<\/h3><\/div><\/div><\/div>\n\n\n\n<ul class=\"wp-block-list\">\n<li>D\u00e9veloppement durable dans les \u00e9v\u00e9nements sportifs<\/li>\n\n\n\n<li>Responsabilit\u00e9 soci\u00e9tale des entreprises (RSE)<\/li>\n\n\n\n<li>Inclusion et \u00e9ducation par le sport<\/li>\n\n\n\n<li>Impact \u00e0 long terme et planification de l\u2019h\u00e9ritage des \u00e9v\u00e9nements<\/li>\n<\/ul>\n\n\n\n<div class=\"wp-block-uagb-buttons uagb-buttons__outer-wrap uagb-btn__default-btn uagb-btn-tablet__default-btn uagb-btn-mobile__default-btn uagb-block-r1p7ch2f\"><div class=\"uagb-buttons__wrap uagb-buttons-layout-wrap\">\n<div class=\"wp-block-uagb-buttons-child uagb-buttons__outer-wrap uagb-block-170bjdat wp-block-button\"><div class=\"uagb-button__wrapper\"><a class=\"uagb-buttons-repeater wp-block-button__link\" aria-label=\"\" href=\"#\" rel=\"follow noopener\" target=\"_self\" role=\"button\"><div class=\"uagb-button__link\">Read More<\/div><span class=\"uagb-button__icon uagb-button__icon-position-after\"><svg xmlns=\"https:\/\/www.w3.org\/2000\/svg\" viewbox=\"0 0 320 512\" aria-hidden=\"true\" focussable=\"false\"><path d=\"M96 480c-8.188 0-16.38-3.125-22.62-9.375c-12.5-12.5-12.5-32.75 0-45.25L242.8 256L73.38 86.63c-12.5-12.5-12.5-32.75 0-45.25s32.75-12.5 45.25 0l192 192c12.5 12.5 12.5 32.75 0 45.25l-192 192C112.4 476.9 104.2 480 96 480z\"><\/path><\/svg><\/span><\/a><\/div><\/div>\n<\/div><\/div>\n<\/div>\n<\/div>\n<\/div><\/div>\n\n\n\n<p><\/p>","protected":false},"excerpt":{"rendered":"","protected":false},"author":2,"featured_media":0,"parent":0,"menu_order":0,"comment_status":"closed","ping_status":"closed","template":"","meta":{"_uag_custom_page_level_css":"","_kad_post_transparent":"","_kad_post_title":"","_kad_post_layout":"","_kad_post_sidebar_id":"","_kad_post_content_style":"","_kad_post_vertical_padding":"","_kad_post_feature":"","_kad_post_feature_position":"","_kad_post_header":false,"_kad_post_footer":false,"_kad_post_classname":"","footnotes":""},"class_list":["post-382","page","type-page","status-publish","hentry"],"uagb_featured_image_src":{"full":false,"thumbnail":false,"medium":false,"medium_large":false,"large":false,"1536x1536":false,"2048x2048":false,"trp-custom-language-flag":false},"uagb_author_info":{"display_name":"Rachid Ghazi","author_link":"https:\/\/gismedu.com\/fr\/author\/gism-admin\/"},"uagb_comment_info":0,"uagb_excerpt":null,"_links":{"self":[{"href":"https:\/\/gismedu.com\/fr\/wp-json\/wp\/v2\/pages\/382","targetHints":{"allow":["GET"]}}],"collection":[{"href":"https:\/\/gismedu.com\/fr\/wp-json\/wp\/v2\/pages"}],"about":[{"href":"https:\/\/gismedu.com\/fr\/wp-json\/wp\/v2\/types\/page"}],"author":[{"embeddable":true,"href":"https:\/\/gismedu.com\/fr\/wp-json\/wp\/v2\/users\/2"}],"replies":[{"embeddable":true,"href":"https:\/\/gismedu.com\/fr\/wp-json\/wp\/v2\/comments?post=382"}],"version-history":[{"count":8,"href":"https:\/\/gismedu.com\/fr\/wp-json\/wp\/v2\/pages\/382\/revisions"}],"predecessor-version":[{"id":455,"href":"https:\/\/gismedu.com\/fr\/wp-json\/wp\/v2\/pages\/382\/revisions\/455"}],"wp:attachment":[{"href":"https:\/\/gismedu.com\/fr\/wp-json\/wp\/v2\/media?parent=382"}],"curies":[{"name":"wp","href":"https:\/\/api.w.org\/{rel}","templated":true}]}}