{"id":401,"date":"2026-03-23T23:39:57","date_gmt":"2026-03-23T23:39:57","guid":{"rendered":"https:\/\/gismedu.com\/?page_id=401"},"modified":"2026-03-24T01:10:23","modified_gmt":"2026-03-24T01:10:23","slug":"401-2","status":"publish","type":"page","link":"https:\/\/gismedu.com\/fr\/401-2\/","title":{"rendered":"Conception des \u00e9v\u00e9nements sportifs"},"content":{"rendered":"<div class=\"wp-block-uagb-container uagb-block-eibbfoua alignfull uagb-is-root-container\"><div class=\"uagb-container-inner-blocks-wrap\">\n<div class=\"wp-block-group is-nowrap is-layout-flex wp-container-core-group-is-layout-ad2f72ca wp-block-group-is-layout-flex\">\n<div class=\"wp-block-uagb-container uagb-layout-flex uagb-block-kiqjoofk default uagb-is-root-container\">\n<div class=\"wp-block-uagb-info-box uagb-block-2he9yrhe uagb-infobox__content-wrap  uagb-infobox-icon-above-title uagb-infobox-image-valign-top\"><div class=\"uagb-ifb-content\"><div class=\"uagb-ifb-icon-wrap\"><svg xmlns=\"https:\/\/www.w3.org\/2000\/svg\" viewbox=\"0 0 512 512\"><path d=\"M0 256C0 114.6 114.6 0 256 0C397.4 0 512 114.6 512 256C512 397.4 397.4 512 256 512C114.6 512 0 397.4 0 256zM371.8 211.8C382.7 200.9 382.7 183.1 371.8 172.2C360.9 161.3 343.1 161.3 332.2 172.2L224 280.4L179.8 236.2C168.9 225.3 151.1 225.3 140.2 236.2C129.3 247.1 129.3 264.9 140.2 275.8L204.2 339.8C215.1 350.7 232.9 350.7 243.8 339.8L371.8 211.8z\"><\/path><\/svg><\/div><div class=\"uagb-ifb-title-wrap\"><h2 class=\"uagb-ifb-title\"><em>Envie de ma\u00eetriser la gestion des \u00e9v\u00e9nements sportifs ?<\/em><\/h2><\/div><\/div><\/div>\n\n\n\n<figure class=\"wp-block-image size-large is-resized\"><img loading=\"lazy\" decoding=\"async\" width=\"1024\" height=\"682\" src=\"https:\/\/gismedu.com\/wp-content\/uploads\/2026\/03\/g1ad1610081bc94aa0f313b07156ab5c585b1d0e5443a7796580bde16479fd8bce25758be882715ddbc994422f44b254709b6ddc9a342c35636ca6a0b8064dd8c_1280-1841158-1024x682.jpg\" alt=\"analysis, analytics, business, charts, computer, concept, data, desk, device, diagram, digital, documents, graphs, information, investment, job, management, marketing, modern, office, report, business, business, data, data, data, data, data, information, investment, investment, management, marketing, marketing, marketing, report, report, report\" class=\"wp-image-442\" style=\"aspect-ratio:1.501515750626071;width:191px;height:auto\" srcset=\"https:\/\/gismedu.com\/wp-content\/uploads\/2026\/03\/g1ad1610081bc94aa0f313b07156ab5c585b1d0e5443a7796580bde16479fd8bce25758be882715ddbc994422f44b254709b6ddc9a342c35636ca6a0b8064dd8c_1280-1841158-1024x682.jpg 1024w, https:\/\/gismedu.com\/wp-content\/uploads\/2026\/03\/g1ad1610081bc94aa0f313b07156ab5c585b1d0e5443a7796580bde16479fd8bce25758be882715ddbc994422f44b254709b6ddc9a342c35636ca6a0b8064dd8c_1280-1841158-300x200.jpg 300w, https:\/\/gismedu.com\/wp-content\/uploads\/2026\/03\/g1ad1610081bc94aa0f313b07156ab5c585b1d0e5443a7796580bde16479fd8bce25758be882715ddbc994422f44b254709b6ddc9a342c35636ca6a0b8064dd8c_1280-1841158-768x512.jpg 768w, https:\/\/gismedu.com\/wp-content\/uploads\/2026\/03\/g1ad1610081bc94aa0f313b07156ab5c585b1d0e5443a7796580bde16479fd8bce25758be882715ddbc994422f44b254709b6ddc9a342c35636ca6a0b8064dd8c_1280-1841158-18x12.jpg 18w, https:\/\/gismedu.com\/wp-content\/uploads\/2026\/03\/g1ad1610081bc94aa0f313b07156ab5c585b1d0e5443a7796580bde16479fd8bce25758be882715ddbc994422f44b254709b6ddc9a342c35636ca6a0b8064dd8c_1280-1841158.jpg 1280w\" sizes=\"auto, (max-width: 1024px) 100vw, 1024px\" \/><\/figure>\n\n\n\n<div class=\"wp-block-uagb-buttons uagb-buttons__outer-wrap uagb-btn__default-btn uagb-btn-tablet__default-btn uagb-btn-mobile__default-btn uagb-block-31446afb\"><div class=\"uagb-buttons__wrap uagb-buttons-layout-wrap\">\n<div class=\"wp-block-uagb-buttons-child uagb-buttons__outer-wrap uagb-block-d07083a8 wp-block-button\"><div class=\"uagb-button__wrapper\"><a class=\"uagb-buttons-repeater wp-block-button__link\" aria-label=\"\" href=\"\/fr\/Student Registration\/\" rel=\"follow noopener\" target=\"_self\" role=\"button\"><div class=\"uagb-button__link\">Apply Now<\/div><\/a><\/div><\/div>\n<\/div><\/div>\n<\/div>\n\n\n\n<div class=\"wp-block-uagb-container uagb-block-q0g0utxf\">\n<div class=\"wp-block-uagb-info-box uagb-block-rdugvtpk uagb-infobox__content-wrap  uagb-infobox-icon-above-title uagb-infobox-image-valign-top\"><div class=\"uagb-ifb-content\"><div class=\"uagb-ifb-title-wrap\"><h1 class=\"uagb-ifb-title-prefix\">Conception des \u00e9v\u00e9nements sportifs : fondements, strat\u00e9gie et impact mondial<\/h1><p class=\"uagb-ifb-title\">Aujourd\u2019hui, les \u00e9v\u00e9nements sportifs repr\u00e9sentent bien plus que de simples comp\u00e9titions ; ils constituent des projets complexes qui combinent planification strat\u00e9gique, coordination des parties prenantes et visibilit\u00e9 internationale. Des tournois locaux aux m\u00e9ga-\u00e9v\u00e9nements internationaux, la capacit\u00e9 \u00e0 concevoir et \u00e0 structurer des \u00e9v\u00e9nements sportifs est devenue une comp\u00e9tence essentielle dans l\u2019industrie du sport.<br>\ud83d\udc49\nCet article explore les \u00e9l\u00e9ments fondamentaux de la conception des \u00e9v\u00e9nements sportifs, en offrant une compr\u00e9hension structur\u00e9e de la mani\u00e8re dont les \u00e9v\u00e9nements sont imagin\u00e9s, d\u00e9velopp\u00e9s et positionn\u00e9s dans un contexte \u00e9conomique et social plus large.<\/p><\/div><\/div><\/div>\n\n\n\n<div class=\"wp-block-uagb-container uagb-block-kunket7c\">\n<div class=\"wp-block-uagb-info-box uagb-block-5ksi2qcu uagb-infobox__content-wrap  uagb-infobox-icon-above-title uagb-infobox-image-valign-top wp-block-uagb-info-box--has-margin\"><div class=\"uagb-infobox-margin-wrapper\"><div class=\"uagb-ifb-content\"><div class=\"uagb-ifb-title-wrap\"><h4 class=\"uagb-ifb-title\">1. Histoire et \u00e9volution des \u00e9v\u00e9nements sportifs<\/h4><\/div><p class=\"uagb-ifb-desc\">Les origines des \u00e9v\u00e9nements sportifs remontent aux civilisations anciennes, o\u00f9 des comp\u00e9titions \u00e9taient organis\u00e9es \u00e0 des fins culturelles, religieuses et politiques. Au fil du temps, ces \u00e9v\u00e9nements ont \u00e9volu\u00e9 pour devenir des comp\u00e9titions structur\u00e9es, dot\u00e9es de r\u00e8gles standardis\u00e9es et de syst\u00e8mes de gouvernance.<br>\u00c0 l\u2019\u00e8re moderne, les \u00e9v\u00e9nements sportifs se sont transform\u00e9s en plateformes hautement organis\u00e9es et fortement orient\u00e9es vers des enjeux commerciaux. L\u2019\u00e9mergence de comp\u00e9titions mondiales telles que les Jeux Olympiques et les tournois internationaux a \u00e9lev\u00e9 les \u00e9v\u00e9nements sportifs au rang d\u2019instruments puissants de visibilit\u00e9 internationale et de d\u00e9veloppement \u00e9conomique.<br>Aujourd\u2019hui, les \u00e9v\u00e9nements sportifs int\u00e8grent des technologies avanc\u00e9es, une couverture m\u00e9diatique \u00e9tendue et des partenariats de sponsoring \u00e0 l\u2019\u00e9chelle mondiale, rendant leur conception plus strat\u00e9gique et multidimensionnelle que jamais.<\/p><\/div><\/div><\/div>\n\n\n\n<div class=\"wp-block-uagb-info-box uagb-block-iaytbzub uagb-infobox__content-wrap  uagb-infobox-icon-above-title uagb-infobox-image-valign-top wp-block-uagb-info-box--has-margin\"><div class=\"uagb-infobox-margin-wrapper\"><div class=\"uagb-ifb-content\"><div class=\"uagb-ifb-title-wrap\"><h4 class=\"uagb-ifb-title\">2. Types et cat\u00e9gories d\u2019\u00e9v\u00e9nements sportifs<\/h4><\/div><p class=\"uagb-ifb-desc\">Les \u00e9v\u00e9nements sportifs peuvent \u00eatre class\u00e9s en plusieurs cat\u00e9gories selon leur ampleur, leur objectif et leur public :<br><strong>\u00c9v\u00e9nements locaux :<\/strong>&nbsp;Comp\u00e9titions locales favorisant la participation et l\u2019engagement<br><strong>\u00c9v\u00e9nements nationaux :<\/strong>&nbsp;Organis\u00e9s \u00e0 l\u2019\u00e9chelle nationale, impliquant souvent des structures professionnelles<br><strong>\u00c9v\u00e9nements internationaux :<\/strong>&nbsp;Comp\u00e9titions transfrontali\u00e8res attirant un public mondial<br><strong>M\u00e9ga-\u00e9v\u00e9nements :<\/strong>&nbsp;\u00c9v\u00e9nements de grande envergure, comme les tournois mondiaux, avec un impact \u00e9conomique et m\u00e9diatique majeur<br>Each category requires a different conceptual approach in terms of logistics, marketing, stakeholder involvement, and resource allocation.<\/p><\/div><\/div><\/div>\n\n\n\n<div class=\"wp-block-uagb-info-box uagb-block-owtjxgn4 uagb-infobox__content-wrap  uagb-infobox-icon-above-title uagb-infobox-image-valign-top wp-block-uagb-info-box--has-margin\"><div class=\"uagb-infobox-margin-wrapper\"><div class=\"uagb-ifb-content\"><div class=\"uagb-ifb-title-wrap\"><h4 class=\"uagb-ifb-title\">3. Importance strat\u00e9gique et impact mondial<\/h4><\/div><p class=\"uagb-ifb-desc\">3. Importance strat\u00e9gique et impact mondial\n4. Parties prenantes et \u00e9cosyst\u00e8me du sport<br>La r\u00e9ussite d\u2019un \u00e9v\u00e9nement sportif repose sur une coordination efficace de multiples parties prenantes, chacune ayant des r\u00f4les et des attentes sp\u00e9cifiques :<br>Organisateurs d\u2019\u00e9v\u00e9nements et chefs de projet<br>F\u00e9d\u00e9rations sportives et instances dirigeantes<br>Sponsors et partenaires commerciaux<br>M\u00e9dias et organismes de diffusion<br>Athl\u00e8tes et \u00e9quipes<br>Institutions publiques et autorit\u00e9s locales<br>Spectateurs et communaut\u00e9s<br>Comprendre cet \u00e9cosyst\u00e8me est essentiel d\u00e8s la phase de conception, car cela permet d\u2019aligner les objectifs, de r\u00e9partir les responsabilit\u00e9s et d\u2019assurer une strat\u00e9gie d\u2019ex\u00e9cution coh\u00e9rente.<\/p><\/div><\/div><\/div>\n<\/div>\n<\/div>\n<\/div>\n<\/div><\/div>\n\n\n\n<p><\/p>","protected":false},"excerpt":{"rendered":"","protected":false},"author":2,"featured_media":0,"parent":0,"menu_order":0,"comment_status":"closed","ping_status":"closed","template":"","meta":{"_uag_custom_page_level_css":"","_kad_post_transparent":"","_kad_post_title":"","_kad_post_layout":"","_kad_post_sidebar_id":"","_kad_post_content_style":"","_kad_post_vertical_padding":"","_kad_post_feature":"","_kad_post_feature_position":"","_kad_post_header":false,"_kad_post_footer":false,"_kad_post_classname":"","footnotes":""},"class_list":["post-401","page","type-page","status-publish","hentry"],"uagb_featured_image_src":{"full":false,"thumbnail":false,"medium":false,"medium_large":false,"large":false,"1536x1536":false,"2048x2048":false,"trp-custom-language-flag":false},"uagb_author_info":{"display_name":"Rachid Ghazi","author_link":"https:\/\/gismedu.com\/fr\/author\/gism-admin\/"},"uagb_comment_info":0,"uagb_excerpt":null,"_links":{"self":[{"href":"https:\/\/gismedu.com\/fr\/wp-json\/wp\/v2\/pages\/401","targetHints":{"allow":["GET"]}}],"collection":[{"href":"https:\/\/gismedu.com\/fr\/wp-json\/wp\/v2\/pages"}],"about":[{"href":"https:\/\/gismedu.com\/fr\/wp-json\/wp\/v2\/types\/page"}],"author":[{"embeddable":true,"href":"https:\/\/gismedu.com\/fr\/wp-json\/wp\/v2\/users\/2"}],"replies":[{"embeddable":true,"href":"https:\/\/gismedu.com\/fr\/wp-json\/wp\/v2\/comments?post=401"}],"version-history":[{"count":39,"href":"https:\/\/gismedu.com\/fr\/wp-json\/wp\/v2\/pages\/401\/revisions"}],"predecessor-version":[{"id":411,"href":"https:\/\/gismedu.com\/fr\/wp-json\/wp\/v2\/pages\/401\/revisions\/411"}],"wp:attachment":[{"href":"https:\/\/gismedu.com\/fr\/wp-json\/wp\/v2\/media?parent=401"}],"curies":[{"name":"wp","href":"https:\/\/api.w.org\/{rel}","templated":true}]}}