{"id":50,"date":"2026-03-01T14:26:04","date_gmt":"2026-03-01T14:26:04","guid":{"rendered":"https:\/\/gismedu.com\/?page_id=50"},"modified":"2026-03-08T13:27:18","modified_gmt":"2026-03-08T13:27:18","slug":"admissions","status":"publish","type":"page","link":"https:\/\/gismedu.com\/fr\/admissions\/","title":{"rendered":"Admissions"},"content":{"rendered":"<div class=\"wp-block-uagb-container uagb-block-liptki4y alignfull uagb-is-root-container\"><div class=\"uagb-container-inner-blocks-wrap\">\n<div class=\"wp-block-uagb-info-box uagb-block-dgsboo55 uagb-infobox__content-wrap  uagb-infobox-icon-above-title uagb-infobox-image-valign-top\"><div class=\"uagb-ifb-content\"><div class=\"uagb-ifb-title-wrap\"><h1 class=\"uagb-ifb-title\">Admissions au GISM<\/h1><\/div><p class=\"uagb-ifb-desc\">Rejoignez le Global Institute of Sports Management et pr\u00e9parez-vous \u00e0 une carri\u00e8re dans l\u2019industrie internationale du sport. Notre processus d\u2019admission est destin\u00e9 aux \u00e9tudiants motiv\u00e9s d\u00e9sireux de d\u00e9velopper des comp\u00e9tences en leadership et en management du sport.<\/p><\/div><\/div>\n\n\n\n<div class=\"wp-block-uagb-buttons uagb-buttons__outer-wrap uagb-btn__default-btn uagb-btn-tablet__default-btn uagb-btn-mobile__default-btn uagb-block-917c6798\"><div class=\"uagb-buttons__wrap uagb-buttons-layout-wrap\">\n<div class=\"wp-block-uagb-buttons-child uagb-buttons__outer-wrap uagb-block-32d606c9 wp-block-button\"><div class=\"uagb-button__wrapper\"><a class=\"uagb-buttons-repeater wp-block-button__link\" aria-label=\"\" href=\"\/fr\/Programs\/\" rel=\"follow noopener\" target=\"_self\" role=\"button\"><div class=\"uagb-button__link\">Consulter mes Certificats<\/div><\/a><\/div><\/div>\n<\/div><\/div>\n<\/div><\/div>\n\n\n\n<div class=\"wp-block-uagb-container uagb-block-ga8fabzo alignfull uagb-is-root-container\"><div class=\"uagb-container-inner-blocks-wrap\">\n<div class=\"wp-block-uagb-info-box uagb-block-ihveywyr uagb-infobox__content-wrap  uagb-infobox-icon-above-title uagb-infobox-image-valign-top wp-block-uagb-info-box--has-margin\"><div class=\"uagb-infobox-margin-wrapper\"><div class=\"uagb-ifb-content\"><div class=\"uagb-ifb-title-wrap\"><p class=\"uagb-ifb-title-prefix\">GISM Admissions<\/p><h2 class=\"uagb-ifb-title\">Conditions d\u2019admission<\/h2><\/div><\/div><\/div><\/div>\n\n\n\n<p>Le GISM accueille des \u00e9tudiants motiv\u00e9s souhaitant d\u00e9velopper des comp\u00e9tences professionnelles et un leadership dans l\u2019industrie mondiale du sport. Notre processus d\u2019admission est con\u00e7u pour identifier des \u00e9tudiants engag\u00e9s dans leur progression acad\u00e9mique et leur implication dans le secteur.<\/p>\n\n\n\n<div class=\"wp-block-uagb-container uagb-block-h2vwq8yy\">\n<div class=\"wp-block-uagb-container uagb-block-o5nvyt3b\">\n<div class=\"wp-block-uagb-info-box uagb-block-n41i8qry uagb-infobox__content-wrap  uagb-infobox-icon-above-title uagb-infobox-image-valign-top\"><div class=\"uagb-ifb-content\"><div class=\"uagb-ifb-icon-wrap\"><div class=\"uagb-iconbox-icon-wrap uagb-infobox-shape-circle\"><svg xmlns=\"https:\/\/www.w3.org\/2000\/svg\" viewbox=\"0 0 640 512\"><path d=\"M623.1 136.9l-282.7-101.2c-13.73-4.91-28.7-4.91-42.43 0L16.05 136.9C6.438 140.4 0 149.6 0 160s6.438 19.65 16.05 23.09L76.07 204.6c-11.89 15.8-20.26 34.16-24.55 53.95C40.05 263.4 32 274.8 32 288c0 9.953 4.814 18.49 11.94 24.36l-24.83 149C17.48 471.1 25 480 34.89 480H93.11c9.887 0 17.41-8.879 15.78-18.63l-24.83-149C91.19 306.5 96 297.1 96 288c0-10.29-5.174-19.03-12.72-24.89c4.252-17.76 12.88-33.82 24.94-47.03l190.6 68.23c13.73 4.91 28.7 4.91 42.43 0l282.7-101.2C633.6 179.6 640 170.4 640 160S633.6 140.4 623.1 136.9zM351.1 314.4C341.7 318.1 330.9 320 320 320c-10.92 0-21.69-1.867-32-5.555L142.8 262.5L128 405.3C128 446.6 213.1 480 320 480c105.1 0 192-33.4 192-74.67l-14.78-142.9L351.1 314.4z\"><\/path><\/svg><\/div><\/div><div class=\"uagb-ifb-title-wrap\"><h3 class=\"uagb-ifb-title\"><em>Parcours acad\u00e9mique<\/em><\/h3><\/div><p class=\"uagb-ifb-desc\">Les candidats doivent avoir termin\u00e9 leurs \u00e9tudes secondaires ou poss\u00e9der une qualification \u00e9quivalente.<\/p><\/div><\/div>\n<\/div>\n\n\n\n<div class=\"wp-block-uagb-container uagb-block-vxldz9wo\">\n<div class=\"wp-block-uagb-info-box uagb-block-ho9niuze uagb-infobox__content-wrap  uagb-infobox-icon-above-title uagb-infobox-image-valign-top\"><div class=\"uagb-ifb-content\"><div class=\"uagb-ifb-icon-wrap\"><div class=\"uagb-iconbox-icon-wrap uagb-infobox-shape-circle\"><svg xmlns=\"https:\/\/www.w3.org\/2000\/svg\" viewbox=\"0 0 512 512\"><path d=\"M148.7 171.3L64.21 86.83c-28.39 32.16-48.9 71.38-58.3 114.8C19.41 205.4 33.34 208 48 208C86.34 208 121.1 193.9 148.7 171.3zM194.5 171.9L256 233.4l169.2-169.2C380 24.37 320.9 0 256 0C248.6 0 241.2 .4922 233.1 1.113C237.8 16.15 240 31.8 240 48C240 95.19 222.8 138.4 194.5 171.9zM208 48c0-14.66-2.623-28.59-6.334-42.09C158.2 15.31 118.1 35.82 86.83 64.21l84.48 84.48C193.9 121.1 208 86.34 208 48zM171.9 194.5C138.4 222.8 95.19 240 48 240c-16.2 0-31.85-2.236-46.89-6.031C.4922 241.2 0 248.6 0 256c0 64.93 24.37 124 64.21 169.2L233.4 256L171.9 194.5zM317.5 340.1L256 278.6l-169.2 169.2C131.1 487.6 191.1 512 256 512c7.438 0 14.75-.4922 22.03-1.113C274.2 495.8 272 480.2 272 464C272 416.8 289.2 373.6 317.5 340.1zM363.3 340.7l84.48 84.48c28.39-32.16 48.9-71.38 58.3-114.8C492.6 306.6 478.7 304 464 304C425.7 304 390.9 318.1 363.3 340.7zM447.8 86.83L278.6 256l61.52 61.52C373.6 289.2 416.8 272 464 272c16.2 0 31.85 2.236 46.89 6.031C511.5 270.8 512 263.4 512 256C512 191.1 487.6 131.1 447.8 86.83zM304 464c0 14.66 2.623 28.59 6.334 42.09c43.46-9.4 82.67-29.91 114.8-58.3l-84.48-84.48C318.1 390.9 304 425.7 304 464z\"><\/path><\/svg><\/div><\/div><div class=\"uagb-ifb-title-wrap\"><p class=\"uagb-ifb-title\"><em>Int\u00e9r\u00eat pour l\u2019industrie du sport<\/em><\/p><\/div><p class=\"uagb-ifb-desc\">Les \u00e9tudiants doivent d\u00e9montrer un int\u00e9r\u00eat pour le management du sport, la gestion du sport ou l\u2019industrie mondiale du sport.<\/p><\/div><\/div>\n<\/div>\n\n\n\n<div class=\"wp-block-uagb-container uagb-block-fyz7vufb\">\n<div class=\"wp-block-uagb-info-box uagb-block-qt0goyrr uagb-infobox__content-wrap  uagb-infobox-icon-above-title uagb-infobox-image-valign-top\"><div class=\"uagb-ifb-content\"><div class=\"uagb-ifb-icon-wrap\"><div class=\"uagb-iconbox-icon-wrap uagb-infobox-shape-circle\"><svg xmlns=\"https:\/\/www.w3.org\/2000\/svg\" viewbox=\"0 0 512 512\"><path d=\"M156.6 384.9L125.7 353.1C117.2 345.5 114.2 333.1 117.1 321.8C120.1 312.9 124.1 301.3 129.8 288H24C15.38 288 7.414 283.4 3.146 275.9C-1.123 268.4-1.042 259.2 3.357 251.8L55.83 163.3C68.79 141.4 92.33 127.1 117.8 127.1H200C202.4 124 204.8 120.3 207.2 116.7C289.1-4.07 411.1-8.142 483.9 5.275C495.6 7.414 504.6 16.43 506.7 28.06C520.1 100.9 516.1 222.9 395.3 304.8C391.8 307.2 387.1 309.6 384 311.1V394.2C384 419.7 370.6 443.2 348.7 456.2L260.2 508.6C252.8 513 243.6 513.1 236.1 508.9C228.6 504.6 224 496.6 224 488V380.8C209.9 385.6 197.6 389.7 188.3 392.7C177.1 396.3 164.9 393.2 156.6 384.9V384.9zM384 167.1C406.1 167.1 424 150.1 424 127.1C424 105.9 406.1 87.1 384 87.1C361.9 87.1 344 105.9 344 127.1C344 150.1 361.9 167.1 384 167.1z\"><\/path><\/svg><\/div><\/div><div class=\"uagb-ifb-title-wrap\"><p class=\"uagb-ifb-title\"><em>Motivation \u00e0 r\u00e9ussir<\/em><\/p><\/div><p class=\"uagb-ifb-desc\">Le GISM recherche des \u00e9tudiants motiv\u00e9s \u00e0 d\u00e9velopper des connaissances pratiques ainsi que des comp\u00e9tences en leadership.<\/p><\/div><\/div>\n<\/div>\n\n\n\n<div class=\"wp-block-uagb-container uagb-block-ielshwno\">\n<div class=\"wp-block-uagb-info-box uagb-block-t1yreemw uagb-infobox__content-wrap  uagb-infobox-icon-above-title uagb-infobox-image-valign-top\"><div class=\"uagb-ifb-content\"><div class=\"uagb-ifb-icon-wrap\"><div class=\"uagb-iconbox-icon-wrap uagb-infobox-shape-circle\"><svg xmlns=\"https:\/\/www.w3.org\/2000\/svg\" viewbox=\"0 0 512 512\"><path d=\"M352 256C352 278.2 350.8 299.6 348.7 320H163.3C161.2 299.6 159.1 278.2 159.1 256C159.1 233.8 161.2 212.4 163.3 192H348.7C350.8 212.4 352 233.8 352 256zM503.9 192C509.2 212.5 512 233.9 512 256C512 278.1 509.2 299.5 503.9 320H380.8C382.9 299.4 384 277.1 384 256C384 234 382.9 212.6 380.8 192H503.9zM493.4 160H376.7C366.7 96.14 346.9 42.62 321.4 8.442C399.8 29.09 463.4 85.94 493.4 160zM344.3 160H167.7C173.8 123.6 183.2 91.38 194.7 65.35C205.2 41.74 216.9 24.61 228.2 13.81C239.4 3.178 248.7 0 256 0C263.3 0 272.6 3.178 283.8 13.81C295.1 24.61 306.8 41.74 317.3 65.35C328.8 91.38 338.2 123.6 344.3 160H344.3zM18.61 160C48.59 85.94 112.2 29.09 190.6 8.442C165.1 42.62 145.3 96.14 135.3 160H18.61zM131.2 192C129.1 212.6 127.1 234 127.1 256C127.1 277.1 129.1 299.4 131.2 320H8.065C2.8 299.5 0 278.1 0 256C0 233.9 2.8 212.5 8.065 192H131.2zM194.7 446.6C183.2 420.6 173.8 388.4 167.7 352H344.3C338.2 388.4 328.8 420.6 317.3 446.6C306.8 470.3 295.1 487.4 283.8 498.2C272.6 508.8 263.3 512 255.1 512C248.7 512 239.4 508.8 228.2 498.2C216.9 487.4 205.2 470.3 194.7 446.6H194.7zM190.6 503.6C112.2 482.9 48.59 426.1 18.61 352H135.3C145.3 415.9 165.1 469.4 190.6 503.6V503.6zM321.4 503.6C346.9 469.4 366.7 415.9 376.7 352H493.4C463.4 426.1 399.8 482.9 321.4 503.6V503.6z\"><\/path><\/svg><\/div><\/div><div class=\"uagb-ifb-title-wrap\"><p class=\"uagb-ifb-title\"><em>D\u00e9veloppement professionnel<\/em><\/p><\/div><p class=\"uagb-ifb-desc\">Les candidats retenus doivent \u00eatre engag\u00e9s dans le d\u00e9veloppement de comp\u00e9tences professionnelles et la construction d\u2019une carri\u00e8re dans le management du sport.<\/p><\/div><\/div>\n<\/div>\n<\/div>\n<\/div><\/div>\n\n\n\n<p><\/p>","protected":false},"excerpt":{"rendered":"<p>Le GISM accueille des \u00e9tudiants motiv\u00e9s souhaitant d\u00e9velopper des comp\u00e9tences professionnelles et un leadership dans l\u2019industrie mondiale du sport. Notre processus d\u2019admission est con\u00e7u pour identifier des \u00e9tudiants engag\u00e9s dans leur progression acad\u00e9mique et leur implication dans le secteur.<\/p>","protected":false},"author":2,"featured_media":0,"parent":0,"menu_order":0,"comment_status":"closed","ping_status":"closed","template":"","meta":{"_uag_custom_page_level_css":"","_kad_post_transparent":"default","_kad_post_title":"hide","_kad_post_layout":"","_kad_post_sidebar_id":"","_kad_post_content_style":"","_kad_post_vertical_padding":"","_kad_post_feature":"","_kad_post_feature_position":"","_kad_post_header":false,"_kad_post_footer":false,"_kad_post_classname":"","footnotes":""},"class_list":["post-50","page","type-page","status-publish","hentry"],"uagb_featured_image_src":{"full":false,"thumbnail":false,"medium":false,"medium_large":false,"large":false,"1536x1536":false,"2048x2048":false,"trp-custom-language-flag":false},"uagb_author_info":{"display_name":"Rachid Ghazi","author_link":"https:\/\/gismedu.com\/fr\/author\/gism-admin\/"},"uagb_comment_info":0,"uagb_excerpt":"GISM welcomes motivated students who are interested in developing professional skills and leadership in the global sports industry. Our admissions process is designed to identify students committed to academic growth and industry engagement.","_links":{"self":[{"href":"https:\/\/gismedu.com\/fr\/wp-json\/wp\/v2\/pages\/50","targetHints":{"allow":["GET"]}}],"collection":[{"href":"https:\/\/gismedu.com\/fr\/wp-json\/wp\/v2\/pages"}],"about":[{"href":"https:\/\/gismedu.com\/fr\/wp-json\/wp\/v2\/types\/page"}],"author":[{"embeddable":true,"href":"https:\/\/gismedu.com\/fr\/wp-json\/wp\/v2\/users\/2"}],"replies":[{"embeddable":true,"href":"https:\/\/gismedu.com\/fr\/wp-json\/wp\/v2\/comments?post=50"}],"version-history":[{"count":14,"href":"https:\/\/gismedu.com\/fr\/wp-json\/wp\/v2\/pages\/50\/revisions"}],"predecessor-version":[{"id":362,"href":"https:\/\/gismedu.com\/fr\/wp-json\/wp\/v2\/pages\/50\/revisions\/362"}],"wp:attachment":[{"href":"https:\/\/gismedu.com\/fr\/wp-json\/wp\/v2\/media?parent=50"}],"curies":[{"name":"wp","href":"https:\/\/api.w.org\/{rel}","templated":true}]}}